{"id":1649,"date":"2018-01-15T13:04:56","date_gmt":"2018-01-15T11:04:56","guid":{"rendered":"https:\/\/marlenakeine.com\/cv\/"},"modified":"2018-02-21T13:13:37","modified_gmt":"2018-02-21T11:13:37","slug":"cv","status":"publish","type":"page","link":"https:\/\/marlenakeine.com\/lv\/cv\/","title":{"rendered":"CV"},"content":{"rendered":"<\/div><\/div><\/div><!-- close content main div --><\/div><\/div><div id='welcome' class='av-layout-grid-container entry-content-wrapper main_color av-fixed-cells    container_wrap sidebar_right'   >\n<div class=\"flex_cell no_margin av_one_full   av-zero-padding \" style='height:25px; min-height:25px;vertical-align:top; padding:0px; background-color:#660135; '><div class='flex_cell_inner' ><\/div><\/div>\n<\/div>\n<\/div><\/div><\/div><!-- close content main div --><\/div><\/div><div id='hello' class='av-layout-grid-container entry-content-wrapper main_color av-flex-cells    container_wrap sidebar_right'   >\n<div class=\"flex_cell no_margin av_one_half   \" style='vertical-align:top; padding:100px; '><div class='flex_cell_inner' ><p><div style='padding-bottom:0px;font-size:70px;' class='av-special-heading av-special-heading-h1  blockquote modern-quote   av-inherit-size '><h1 class='av-special-heading-tag '  itemprop=\"headline\"  >Marl\u0113na Keine<\/h1><div class='special-heading-border'><div class='special-heading-inner-border' ><\/div><\/div><\/div><br \/>\n<section class=\"av_textblock_section \"  itemscope=\"itemscope\" itemtype=\"https:\/\/schema.org\/CreativeWork\" ><div class='avia_textblock  '  style='font-size:29px; '  itemprop=\"text\" ><p><span style=\"text-decoration: underline;\">Balss tips: liriskais sopr\u0101ns<\/span><\/p>\n<\/div><\/section><br \/>\n<section class=\"av_textblock_section \"  itemscope=\"itemscope\" itemtype=\"https:\/\/schema.org\/CreativeWork\" ><div class='avia_textblock  '   itemprop=\"text\" ><p align=\"justify\">Marl\u0113na Keine ir viena no daudzsolo\u0161\u0101kaj\u0101m jaunaj\u0101m solist\u0113m, kas sevi k\u0101 daudzpus\u012bgu un aktieriski pievilc\u012bgu dzied\u0101t\u0101ju spo\u017ei pieteikusi gan operas, gan operetes \u017eanr\u0101.<\/p>\n<p align=\"justify\">Jau studiju laik\u0101 2013. gad\u0101 debit\u0113jusi Igaunijas Nacion\u0101laj\u0101 oper\u0101 Karol\u012bnas lom\u0101 D. \u010cimarozas oper\u0101 \u201cSlepen\u0101s laul\u012bbas\u201d. Dr\u012bz p\u0113c tam sekoja ar\u012b debija operetes \u017eanr\u0101 sadarb\u012bb\u0101 ar Latvijas Operetes fondu \u2013 tr\u012bs gados nosp\u0113l\u0113tas tr\u012bs skaistas lomas: robe\u017esardzes ser\u017eante Viola Dantesa N. Dost\u0101la operet\u0113 \u201cKl\u012bvija\u201d (2014), sabiedr\u012bbas d\u0101ma Valensjenna F. Leh\u0101ra operet\u0113 \u201cJautr\u0101 atraitne\u201d (2015) un ekstravagant\u0101 d\u017eeza komponiste Deizija P. Abrahama operet\u0113 \u201cBalle Savoj\u0101\u201d (2016).<\/p>\n<p align=\"justify\">Uz Latvijas Nacion\u0101l\u0101s operas skatuves Marl\u0113na Keine debit\u0113ja 2014. gad\u0101 Barbar\u012bnas lom\u0101 V. A. Mocarta oper\u0101 \u201cFigaro k\u0101zas\u201d. 2015. gad\u0101 iestud\u0113ta Adeles loma J. \u0160trausa operet\u0113 \u201cSiksp\u0101rnis\u201d, bet 2016. gad\u0101 mazie operas skat\u012bt\u0101ji iepazina Marl\u0113nu Keini k\u0101 apburo\u0161u Papagenu iestud\u0113jum\u0101 \u201cMaz\u0101 burvju flauta\u201d, kas veidots k\u0101 sa\u012bsin\u0101ta V. A. Mocarta operas \u201cBurvju flauta\u201d versija , savuk\u0101rt 2017. gads ies\u0101ksts ar Fraskitas lomu \u017d.Bize oper\u0101 \u2018\u2019Karmena\u2019\u2019. M\u0101ksliniece sadarbojusies gan ar Latvijas diri\u0123entiem Aleksandru Vi\u013cumani, Andri Veismani, M\u0101rti\u0146u Ozoli\u0146u, Normundu Vaici, J\u0101ni Liepi\u0146u, Valdi But\u0101nu, Kasparu \u0100damsonu, gan ar igau\u0146u maestro Risto Jostu un Vello P\u0113nu.<\/p>\n<\/div><\/section><\/p>\n<\/div><\/div><div class=\"flex_cell no_margin av_one_half   avia-full-stretch \" style='background-image:url(https:\/\/marlenakeine.com\/wp-content\/uploads\/2016\/05\/Marlena1-maz-687x1030.jpg); background-position:center center; background-repeat:no-repeat; background-attachment:scroll; vertical-align:middle; padding:200px; '><div class='flex_cell_inner' ><p><br \/>\n<div class='flex_column_table av-equal-height-column-flextable -flextable' ><div class=\"flex_column av_one_full  flex_column_table_cell av-equal-height-column av-align-top av-zero-column-padding first  \" style='border-radius:0px; '><\/div><\/div><!--close column table wrapper. Autoclose: 1 --><\/p>\n<\/div><\/div><\/div><\/div><\/div><\/div><!-- close content main div --><\/div><\/div><div id='av-layout-grid-3' class='av-layout-grid-container entry-content-wrapper main_color av-flex-cells av-break-at-tablet   container_wrap sidebar_right'   >\n<div class=\"flex_cell no_margin av_one_half   avia-full-stretch av-zero-padding \" style='background-image:url(https:\/\/marlenakeine.com\/wp-content\/uploads\/2016\/05\/8-1030x687.jpg); background-position:center right; background-repeat:no-repeat; background-attachment:scroll; vertical-align:middle; padding:0px; '><div class='flex_cell_inner' ><\/div><\/div><div class=\"flex_cell no_margin av_one_half   avia-full-contain \" style='vertical-align:middle; padding:100px; '><div class='flex_cell_inner' ><section class=\"av_textblock_section \"  itemscope=\"itemscope\" itemtype=\"https:\/\/schema.org\/CreativeWork\" ><div class='avia_textblock  '   itemprop=\"text\" ><p align=\"justify\">Savu profesion\u0101lo ce\u013cu Marl\u0113na Keine uzs\u0101ka J\u0101zepa Medi\u0146a R\u012bgas M\u016bzikas vidusskol\u0101 Kri\u0161j\u0101\u0146a Norve\u013ca vok\u0101laj\u0101 klas\u0113. 2016. gad\u0101 ar izcil\u012bbu absolv\u0113jusi Igaunijas M\u016bzikas un Te\u0101tra akad\u0113miju, ieg\u016bstot ma\u0123istra gr\u0101du akad\u0113miskaj\u0101 dzied\u0101\u0161an\u0101 pie prof. Nadjas Kuremas. 2014.\/2015. gad\u0101 Erasmus programmas ietvaros papildin\u0101jusi profesion\u0101l\u0101s prasmes Berl\u012bn\u0113 Hansa Eislera M\u016bzikas akad\u0113mijas ma\u0123istrant\u016br\u0101 pie prof. Annas Samuilas.<\/p>\n<p>Marl\u0113na Keine ir vair\u0101ku konkursu laure\u0101te: 1.vietas ieguv\u0113ja starptatutiskaj\u0101 Anders Wall stipendiju konkurs\u0101 Zviedrij\u0101(2017), ieguvusi 3. vietu Ineses Galantes vok\u0101listu konkurs\u0101 (2016), k\u013cuvusi par 35. Starptautisk\u0101 Hansa Gabora Belvederas konkursa fin\u0101listi (2016), uzvar\u0113jusi Masterworks vok\u0101listu konkurs\u0101 ASV (2015), ieguvusi 2. vietu Marta S\u0101ra vok\u0101listu konkurs\u0101 Igaunij\u0101 (2014), 2. vietu Oksanas Petrenko konkurs\u0101 Ukrain\u0101 (2011) un 3. vietu Alfr\u0113da Kalni\u0146a vok\u0101listu konkurs\u0101 (2010). Latvijas publikai paz\u012bstama ar\u012b k\u0101 LTV konkursa \u201cRad\u012bti m\u016bzikai 2014\u201d dal\u012bbniece. Piedal\u012bjusies Irinas Gavrilovici, D\u017eojas Mammenas, Ir\u0113nas Milkevi\u010d\u016btes, Barbr\u016b Marklundes-P\u0113tersones, Kristiana Immlera u. c. meistarklas\u0113s.<\/p>\n<p>Marl\u0113na Keine akt\u012bvi piedal\u0101s Latvijas koncertdz\u012bv\u0113: uzst\u0101jusies Gadumijas koncertos Latvijas Nacion\u0101laj\u0101 oper\u0101 diri\u0123enta M\u0101rti\u0146a Ozoli\u0146a vad\u012bb\u0101 (2015, 2016) piedal\u012bjusies skat\u012bt\u0101ju un m\u016bzikas kriti\u0137u atzin\u012bgi v\u0113rt\u0113taj\u0101 koncertprogramm\u0101 \u201cSp\u0101\u0146u un \u010dig\u0101nu m\u016bzika\u201d (2015), bet 2016. gad\u0101 apb\u016brusi J\u016brmalas festiv\u0101la nosl\u0113guma koncerta Viva Italia klaus\u012bt\u0101jus l\u012bdz\u0101s t\u0101d\u0101m pasaules operas zvaigzn\u0113m k\u0101 basbaritons Egils Sili\u0146\u0161 un sopr\u0101ns Alisa Zinovjeva.<\/p>\n<\/div><\/section>\n<\/div><\/div>\n<\/div><\/p>\n<\/div><\/div><\/div><!-- close content main div --><\/div><\/div><div id='av_section_1' class='avia-section main_color avia-section-huge avia-no-shadow av-section-color-overlay-active avia-bg-style-scroll   container_wrap sidebar_right' style = 'background-repeat: repeat; background-image: url(https:\/\/marlenakeine.com\/wp-content\/uploads\/2016\/05\/white-vintage-backgrounds-tumblr_445762.jpg); background-attachment: scroll; background-position: center center; ' data-section-bg-repeat='repeat' ><div class='av-section-color-overlay-wrap'><div class='av-section-color-overlay' style='opacity: 0.8; background-color: #660135; '><\/div><div class='container' ><div class='template-page content  av-content-small alpha units'><div class='post-entry post-entry-type-page post-entry-1649'><div class='entry-content-wrapper clearfix'>\n<div style='padding-bottom:52px;color:#ffffff;font-size:70px;' class='av-special-heading av-special-heading-h1 custom-color-heading blockquote modern-quote modern-centered   av-inherit-size '><h1 class='av-special-heading-tag '  itemprop=\"headline\"  >Curriculum Vitae<\/h1><div class='special-heading-border'><div class='special-heading-inner-border' style='border-color:#ffffff'><\/div><\/div><\/div>\n<div class='flex_column_table av-equal-height-column-flextable -flextable' ><div class=\"flex_column av_one_full  av-animated-generic fade-in  flex_column_table_cell av-equal-height-column av-align-top first  \" style='padding:40px; background-color:rgba(255,255,255,0.9); border-radius:0px; '><p><div style='padding-bottom:35px;color:#660135;font-size:30px;' class='av-special-heading av-special-heading-h3 custom-color-heading blockquote modern-quote   av-inherit-size '><h3 class='av-special-heading-tag '  itemprop=\"headline\"  >Izgl\u012bt\u012bba<\/h3><div class='special-heading-border'><div class='special-heading-inner-border' style='border-color:#660135'><\/div><\/div><\/div><br \/>\n<section class=\"av_textblock_section \"  itemscope=\"itemscope\" itemtype=\"https:\/\/schema.org\/CreativeWork\" ><div class='avia_textblock  '   itemprop=\"text\" ><p><strong>2015 &#8211; 2016\u00a0<\/strong>ma\u0123istra gr\u0101ds Igaunijas M\u016bzikas un te\u0101tra akad\u0113mij\u0101, prof. Nadia Kurem;<\/p>\n<p><strong>2014 &#8211; 2015<\/strong> erasmus studijas ma\u0123istrant\u016br\u0101 Berl\u012bnes M\u016bzikas akad\u0113mij\u0101 Hanns Eisler, prof. Anna Samuil;<\/p>\n<p><strong>2011 &#8211; 2014\u00a0<\/strong>bakaIaura gr\u0101ds gaunijas M\u016bzikas un Te\u0101tra akad\u0113mij\u0101, prof. Nadia Kurem , 2011.-2013 gads Pille Lill;<\/p>\n<p><strong>2007 &#8211; 2011<\/strong>\u00a0J\u0101zepa Medi\u0146a R\u012bgas M\u016bzikas vidusskola, vok\u0101lais pedagogs Krisjanis Norvelis.<\/p>\n<\/div><\/section><br \/>\n<div style='padding-bottom:20px;color:#660135;font-size:30px;' class='av-special-heading av-special-heading-h3 custom-color-heading blockquote modern-quote   av-inherit-size '><h3 class='av-special-heading-tag '  itemprop=\"headline\"  >Meistarklases, konkursi, festiv\u0101li<\/h3><div class='special-heading-border'><div class='special-heading-inner-border' style='border-color:#660135'><\/div><\/div><\/div><br \/>\n<section class=\"av_textblock_section \"  itemscope=\"itemscope\" itemtype=\"https:\/\/schema.org\/CreativeWork\" ><div class='avia_textblock  '   itemprop=\"text\" ><p><strong>2016\/2017<\/strong>\u00a0Vok\u0101l\u0101s meistarklases pie prof Axel Everaert (Be\u013c\u0123ija), Chirsten Schoetteldreier (Amsterdama), Inga Kalna(Latvija)<\/p>\n<p><strong>2015\/2016<\/strong> meistarklases pie vok\u0101l\u0101 pedagoga Ingas Kalnas;<\/p>\n<p><strong>2014<\/strong> Masterworks Festiv\u0101ls USA, Indiana, Winona lake, Vok\u0101li intens\u012bv\u0101 studiju programma;<\/p>\n<p><strong>2013<\/strong>\u00a0Vok\u0101l\u0101 meistarklase ar prof. Vilma Vernochi It\u0101lija, (La scala)<\/p>\n<p><strong>2013. gada 2. &#8211; 10<span style=\"font-size: 13.3333px;\">.<\/span>\u00a0j\u016bnijs\u00a0<\/strong>Starptautisk\u0101s ENOA meistarklases ar Nelly Miricioiu (Great Britain) un Axel Evereart, (Mastricht music academy)<\/p>\n<p><strong>2008. gada 23. &#8211; 27.\u00a0augusts<\/strong>\u00a0Vok\u0101l\u0101 meistarklase Irina Gavrilovici (Finnish National Opera) un Joy Mammen (Royal Academy of Music, Great Britain<\/p>\n<\/div><\/section><br \/>\n<div style='padding-bottom:20px;color:#660135;font-size:30px;' class='av-special-heading av-special-heading-h3 custom-color-heading blockquote modern-quote   av-inherit-size '><h3 class='av-special-heading-tag '  itemprop=\"headline\"  >Profesion\u0101l\u0101 pieredze<\/h3><div class='special-heading-border'><div class='special-heading-inner-border' style='border-color:#660135'><\/div><\/div><\/div><br \/>\n<section class=\"av_textblock_section \"  itemscope=\"itemscope\" itemtype=\"https:\/\/schema.org\/CreativeWork\" ><div class='avia_textblock  '   itemprop=\"text\" ><p><strong>2018<\/strong>\u2013 role of Anna from I. Stravisnky opera \u201cThe Rake\u2019s progress\u201d, Latvian National Opera, conductor- Janis Liepins<\/p>\n<p><strong>2017<\/strong>\u2013 role of Maija from Z. Liepins opera \u201cThe rose of Turaida\u201d, Latvian National Opera, conductor- Janis Liepins<\/p>\n<p><strong>2017<\/strong> &#8211; role of Frasquita from G.Bizet opera \u201cCarmen\u201d, Latvian National Opera , conductor &#8211; Janis Liepins , Normunds Vaicis.<\/p>\n<p><strong>Since 2015<\/strong> &#8211; a cooperation with Agency \u201cLatvian concerts\u201d with concert program \u201cSpanish and Gipsy music \u201c;<\/p>\n<p><strong>2016<\/strong> &#8211; role of Daisy from P.Abraham operetta \u201cBall im Savoy\u201d, Latvian National operetta foundation;<\/p>\n<p><strong>2016<\/strong> &#8211; role of Papagena from W.A.Mozart opera \u201cThe\u00a0 Little Magic Flute\u201d, production shortened version;<\/p>\n<p><strong>2015<\/strong>\u00a0 &#8211; role of Valensjenna from F. Lehar operetta \u201cDie lustige Witwe\u201d, Latvian National operetta foundation;<\/p>\n<p><strong>2015<\/strong> &#8211; role of Adele from J.Strauss operetta \u201cDie Fledermaus\u201d, Latvian National Opera, conductor \u2013 Janis Liepins, Normunds Vaicis;<\/p>\n<p><strong>2015<\/strong> \u2013 participation in he New Year Gala concerts in Latvian National Opera;<\/p>\n<p><strong>2014<\/strong> &#8211;\u00a0Viola- N. Dost\u0101la operete \u201cKl\u012bvija\u201d<\/p>\n<p><strong>2014<\/strong> &#8211; Barbar\u012bna -W.A.Mozart opera \u201cLe nozze di Figaro\u201d LNO, diri\u0123ents \u2013Valdis But\u0101ns;<\/p>\n<p><strong>2013<\/strong> &#8211; Carolina- D. Cimarosa opera. \u201cIl matrimonio segreto\u201d Igaunija, Igaunijas Nacion\u0101l\u0101 opera;<\/p>\n<p><strong>2013. gada 2. j\u016bnij\u0101<\/strong> &#8211; Latvijas Nacion\u0101l\u0101s Operas akad\u0113mijas koncerts- Latvijas Nacion\u0101laj\u0101 Oper\u0101.<\/p>\n<\/div><\/section><br \/>\n<div style='padding-bottom:20px;color:#660135;font-size:30px;' class='av-special-heading av-special-heading-h3 custom-color-heading blockquote modern-quote   av-inherit-size '><h3 class='av-special-heading-tag '  itemprop=\"headline\"  >Apbalvojumi<\/h3><div class='special-heading-border'><div class='special-heading-inner-border' style='border-color:#660135'><\/div><\/div><\/div><br \/>\n<section class=\"av_textblock_section \"  itemscope=\"itemscope\" itemtype=\"https:\/\/schema.org\/CreativeWork\" ><div class='avia_textblock  '   itemprop=\"text\" ><p><strong>-1<sup>st<\/sup><\/strong> Prize in Anders Wall Scholarship competition , Sweden , Stockholm (2017)<\/p>\n<p><strong>-2<sup>nd<\/sup><\/strong>\u00a0Prize in International vocal comepetition in the name of Al\u012bda V\u0101ne, Latvia, Ventspils (2017)<\/p>\n<p><strong>&#8211; 3rd<\/strong> Prize laureate in Inese\u2019s Galante\u2019s vocal competition in Riga, Latvia (2016);<\/p>\n<p><strong>&#8211; qualified for the final rounds<\/strong> of the 35th International Hans Gabor Belvedere singing Competition in Cape Town which will start from the 27th of June (2016);<\/p>\n<p><strong>&#8211; 1st<\/strong> Prize in Masterworks Vocalists\u2019 Competition in USA (2015);<\/p>\n<p><strong>&#8211; 2nd<\/strong> prize in Estonian National Vocal contest (2014);<\/p>\n<p><strong>&#8211; 2nd<\/strong> prize in Estonain vocal competition Mart Saare (2013);<\/p>\n<p><strong>&#8211; 2nd<\/strong> prize in Oksana Petrenko Competition in Ukraine (2011).<\/p>\n<\/div><\/section><\/p><\/div><\/div><!--close column table wrapper. Autoclose: 1 -->\n<\/div><\/div><\/div><!-- close content main div --><\/div><\/div><\/div><div id='after_section_1' class='main_color av_default_container_wrap container_wrap sidebar_right'   ><div class='container' ><div class='template-page content  av-content-small alpha units'><div class='post-entry post-entry-type-page post-entry-1649'><div class='entry-content-wrapper clearfix'>\n","protected":false},"excerpt":{"rendered":"","protected":false},"author":2,"featured_media":0,"parent":0,"menu_order":0,"comment_status":"closed","ping_status":"closed","template":"","meta":{"footnotes":""},"_links":{"self":[{"href":"https:\/\/marlenakeine.com\/lv\/wp-json\/wp\/v2\/pages\/1649"}],"collection":[{"href":"https:\/\/marlenakeine.com\/lv\/wp-json\/wp\/v2\/pages"}],"about":[{"href":"https:\/\/marlenakeine.com\/lv\/wp-json\/wp\/v2\/types\/page"}],"author":[{"embeddable":true,"href":"https:\/\/marlenakeine.com\/lv\/wp-json\/wp\/v2\/users\/2"}],"replies":[{"embeddable":true,"href":"https:\/\/marlenakeine.com\/lv\/wp-json\/wp\/v2\/comments?post=1649"}],"version-history":[{"count":34,"href":"https:\/\/marlenakeine.com\/lv\/wp-json\/wp\/v2\/pages\/1649\/revisions"}],"predecessor-version":[{"id":1735,"href":"https:\/\/marlenakeine.com\/lv\/wp-json\/wp\/v2\/pages\/1649\/revisions\/1735"}],"wp:attachment":[{"href":"https:\/\/marlenakeine.com\/lv\/wp-json\/wp\/v2\/media?parent=1649"}],"curies":[{"name":"wp","href":"https:\/\/api.w.org\/{rel}","templated":true}]}}